{"id":15929,"date":"2023-12-08T16:28:43","date_gmt":"2023-12-08T21:28:43","guid":{"rendered":"https:\/\/www.dynamico.ca\/terms-and-conditions\/"},"modified":"2023-12-08T16:28:49","modified_gmt":"2023-12-08T21:28:49","slug":"terms-and-conditions","status":"publish","type":"page","link":"https:\/\/www.dynamico.ca\/fr\/terms-and-conditions\/","title":{"rendered":"Conditions g\u00e9n\u00e9rales d'utilisation"},"content":{"rendered":"<!-- This legal document was generated by Complianz Terms &amp; Conditions https:\/\/wordpress.org\/plugins\/complianz-terms-conditions -->\n<div id=\"cmplz-document\" class=\"cmplz-document cmplz-terms-conditions\"><p><i>Les conditions g\u00e9n\u00e9rales ont \u00e9t\u00e9 mises \u00e0 jour pour la derni\u00e8re fois le D\u00e9cembre 8, 2023<\/i><\/p><h2>1. Introduction<\/h2><p>Les pr\u00e9sentes conditions g\u00e9n\u00e9rales s'appliquent \u00e0 ce site web et aux transactions li\u00e9es \u00e0 nos produits et services. Vous pouvez \u00eatre li\u00e9s par des contrats suppl\u00e9mentaires en lien avec votre relation avec nous ou \u00e0 tout produit ou service que vous recevez de notre part. Si des dispositions de contrats suppl\u00e9mentaires sont en conflit avec des dispositions des pr\u00e9sentes conditions g\u00e9n\u00e9rales, les dispositions de ces contrats suppl\u00e9mentaires pr\u00e9vaudront.<\/p><h2>2. Obligatoire<\/h2><p>En vous inscrivant sur ce site, en y acc\u00e9dant ou en l'utilisant de toute autre mani\u00e8re, vous acceptez par les pr\u00e9sentes d'\u00eatre li\u00e9 par les conditions g\u00e9n\u00e9rales \u00e9nonc\u00e9es ci-dessous. La simple utilisation de ce site web implique la connaissance et l'acceptation des pr\u00e9sentes conditions g\u00e9n\u00e9rales. Dans certains cas particuliers, nous pouvons \u00e9galement vous demander de donner votre accord explicite.<\/p><h2>3. Communication \u00e9lectronique<\/h2><p>En utilisant ce site web ou en communiquant avec nous par des moyens \u00e9lectroniques, vous acceptez et reconnaissez que nous pouvons communiquer avec vous par voie \u00e9lectronique sur notre site web ou en vous envoyant un courriel, et vous acceptez que tous les accords, notifications, publications et autres communications que nous vous fournissons par voie \u00e9lectronique r\u00e9pondent \u00e0 toute exigence l\u00e9gale, y compris mais sans s'y limiter, l'exigence que ces communications soient faites par \u00e9crit.<\/p><h2>4. Propri\u00e9t\u00e9 intellectuelle<\/h2><p>Nous ou nos licenci\u00e9s poss\u00e9dons et contr\u00f4lons tous les droits d'auteur et autres droits de propri\u00e9t\u00e9 intellectuelle sur le site web et les donn\u00e9es, informations et autres ressources affich\u00e9es ou accessibles sur le site web.<\/p><p class=\"cmplz-subtitle\">4.1 Tous droits r\u00e9serv\u00e9s<\/p><p>\u00c0 moins qu'un contenu sp\u00e9cifique n'en d\u00e9cide autrement, aucune licence ni aucun autre droit ne vous est accord\u00e9 en vertu des droits d'auteur, des marques, des brevets ou d'autres droits de propri\u00e9t\u00e9 intellectuelle. Cela signifie que vous n'utiliserez, copierez, reproduirez, ex\u00e9cuterez, afficherez, distribuerez, int\u00e9grerez dans un support \u00e9lectronique, modifierez, r\u00e9tro-ing\u00e9nierez, d\u00e9compilerez, transf\u00e9rerez, t\u00e9l\u00e9chargerez, transmettrez, mon\u00e9tiserez, vendrez, marchandiserez ou commercialiserez aucune des ressources de ce site web sous quelque forme que ce soit, sans notre autorisation \u00e9crite pr\u00e9alable, sauf et uniquement dans la mesure o\u00f9 il en est stipul\u00e9 autrement dans des r\u00e8glements de droit imp\u00e9ratif (tels que le droit de citer).<\/p><h2>5. Propri\u00e9t\u00e9 de tierce partie<\/h2><p>Notre site web peut inclure des hyperliens ou d'autres r\u00e9f\u00e9rences aux sites web de tierces parties. Nous ne surveillons ni n'examinons le contenu des sites web de tierces parties qui sont li\u00e9s \u00e0 ce site web. Les produits ou services offerts par d'autres sites web sont soumis aux conditions g\u00e9n\u00e9rales applicables de ces tiers. Les opinions exprim\u00e9es ou les \u00e9l\u00e9ments apparaissant sur ces sites ne sont pas n\u00e9cessairement partag\u00e9s ou approuv\u00e9s par nous.<\/p><p>Nous ne sommes pas responsables des pratiques de confidentialit\u00e9 ou du contenu de ces sites. Vous assumez tous les risques li\u00e9s \u00e0 l'utilisation de ces sites web et de tous services de tierce parties. Nous n'accepterons aucune responsabilit\u00e9 pour toute perte ou dommage, quelle qu'en soit la cause, r\u00e9sultant de la divulgation de vos informations personnelles \u00e0 des tiers.<\/p><h2>6. Utilisation responsable<\/h2><p>En visitant notre site web, vous acceptez de l'utiliser uniquement aux fins pr\u00e9vues et autoris\u00e9es par les pr\u00e9sentes conditions g\u00e9n\u00e9rales, par tout contrat suppl\u00e9mentaire conclu avec nous, et par les lois et r\u00e8glements applicables, ainsi que par les pratiques en ligne et les directives industrielles g\u00e9n\u00e9ralement accept\u00e9es. Vous ne devez pas utiliser notre site web ou nos services pour utiliser, publier ou distribuer tout \u00e9l\u00e9ment qui consiste en (ou est li\u00e9 \u00e0) un logiciel malveillant ; utiliser les donn\u00e9es collect\u00e9es sur notre site web pour toute activit\u00e9 de marketing direct, ou mener toute activit\u00e9 de collecte de donn\u00e9es syst\u00e9matique ou automatis\u00e9e sur ou en relation avec notre site web.<\/p><p>Il est strictement interdit de s'engager dans toute activit\u00e9 qui cause, ou pourrait causer, des dommages au site web ou qui interf\u00e8re avec la performance, la disponibilit\u00e9 ou l'accessibilit\u00e9 du site web.<\/p><h2>7. Contenu publi\u00e9 par vous<\/h2><p>Nous pouvons fournir divers outils de communication disponibles sur notre site web, tels que des commentaires de blogue, des articles de blogue, des forums, des tableaux de messages, des \u00e9valuations et des critiques, et divers services de m\u00e9dias sociaux. Il se peut que nous ne puissions pas filtrer ou surveiller tous les contenus que vous ou d'autres personnes peuvent partager ou envoyer sur notre site web ou par son interm\u00e9diaire. Toutefois, nous nous r\u00e9servons le droit d'examiner le contenu et de surveiller toute utilisation et activit\u00e9 sur notre site web, et de supprimer ou de retirer tout contenu \u00e0 notre seule discr\u00e9tion. En publiant des informations ou en utilisant tout autre outil de communication disponible tel que mentionn\u00e9, vous acceptez que votre contenu soit conforme aux pr\u00e9sentes conditions g\u00e9n\u00e9rales et ne doive pas \u00eatre ill\u00e9gal ou illicite ni porter atteinte aux droits l\u00e9gaux de toute personne.<\/p><h2>8. Soumission d'id\u00e9e<\/h2><p>N'envoyez aucune id\u00e9e, invention, \u0153uvre d'auteur ou autre information pouvant \u00eatre consid\u00e9r\u00e9e comme votre propre propri\u00e9t\u00e9 intellectuelle que vous souhaiteriez nous pr\u00e9senter, sauf si nous avons pr\u00e9alablement sign\u00e9 un accord concernant la propri\u00e9t\u00e9 intellectuelle ou un accord de non-divulgation. Si vous nous le divulguez en l'absence d'un tel accord \u00e9crit, vous nous accordez une licence mondiale, irr\u00e9vocable, non exclusive et libre de redevance pour utiliser, reproduire, stocker, adapter, publier, traduire et distribuer votre contenu sur tout support existant ou futur.<\/p><h2>9. Fin de l'utilisation<\/h2><p>Nous pouvons, \u00e0 notre seule discr\u00e9tion, \u00e0 tout moment modifier ou interrompre l'acc\u00e8s, temporairement ou de fa\u00e7on permanente, au site Web ou \u00e0 tout service qui s'y trouve. Vous acceptez que nous ne soyons pas responsables envers vous ou une tierce partie de toute modification, suspension ou interruption de votre acc\u00e8s ou utilisation du site web ou de tout contenu que vous avez pu partager sur le site web. Vous n'aurez droit \u00e0 aucune compensation ou autre paiement, m\u00eame si certaines fonctionnalit\u00e9s, certains r\u00e9glages et\/ou tout contenu auquel vous avez contribu\u00e9 ou sur lequel vous \u00eates appuy\u00e9 sont d\u00e9finitivement perdus. Vous ne devez pas contourner ou d\u00e9tourner, ou tenter de contourner ou de d\u00e9tourner, les mesures de restriction d'acc\u00e8s \u00e0 notre site web.<\/p><h2>10. Garanties et responsabilit\u00e9<\/h2><p>Rien dans cette section ne limitera ou n'exclura une garantie implicite de la loi qu'il serait ill\u00e9gal de limiter ou d'exclure. Ce site web et tout son contenu sont fournis \" en l'\u00e9tat \" et \" selon disponibilit\u00e9 \" et peuvent contenir des inexactitudes ou des erreurs typographiques. Nous d\u00e9clinons express\u00e9ment toute garantie de quelque nature que ce soit, expresse ou implicite, quant \u00e0 la disponibilit\u00e9, l'exactitude ou l'exhaustivit\u00e9 du contenu. Nous ne garantissons pas ceci :<\/p><p><ul>\n                    <li>ce site web ou notre contenu r\u00e9pondront \u00e0 vos besoins ;<\/li>\n                    <li>ce site web sera disponible de mani\u00e8re ininterrompue, opportune, s\u00fbre ou sans erreur.<\/li>\n        <\/ul><\/p><p>Rien sur ce site web ne constitue ou n'est cens\u00e9 constituer un conseil juridique, financier ou m\u00e9dical de quelque nature que ce soit. Si vous avez besoin de conseils, vous devriez consulter un professionnel appropri\u00e9.<\/p><p>Les dispositions suivantes de la pr\u00e9sente section s'appliqueront dans la mesure maximale permise par le droit applicable et ne limiteront ni n'excluront notre responsabilit\u00e9 en ce qui concerne toute question pour laquelle il serait ill\u00e9gal ou illicite pour nous de limiter ou d'exclure notre responsabilit\u00e9. En aucun cas nous ne serons responsables des dommages directs ou indirects (y compris les dommages pour perte de profits ou de revenus, la perte ou la corruption de donn\u00e9es, de logiciels ou de bases de donn\u00e9es, ou la perte ou l'endommagement de biens ou de donn\u00e9es) subis par vous ou par une tierce partie, r\u00e9sultant de votre acc\u00e8s \u00e0 notre site web ou de son utilisation.<\/p><p>Sauf dans la mesure o\u00f9 tout contrat suppl\u00e9mentaire stipule express\u00e9ment le contraire, notre responsabilit\u00e9 maximale envers vous pour tout dommage d\u00e9coulant de ou li\u00e9 au site web ou \u00e0 tout produit et service commercialis\u00e9 ou vendu par le biais du site web, quelle que soit la forme de l'action en justice qui impose la responsabilit\u00e9 (qu'elle soit contractuelle, d'\u00e9quit\u00e9, de n\u00e9gligence, de conduite intentionnelle, d\u00e9lictuelle ou autre) sera limit\u00e9e au prix total que vous nous avez pay\u00e9 pour acheter ces produits ou services ou utiliser le site web. Cette limite s'appliquera globalement \u00e0 toutes vos r\u00e9clamations, actions et causes d'action de toute nature et de tout type.<\/p><h2>11. Confidentialit\u00e9<\/h2><p>Pour acc\u00e9der \u00e0 notre site web et\/ou \u00e0 nos services, il peut vous \u00eatre demand\u00e9 de fournir certaines informations vous concernant dans le cadre de la proc\u00e9dure d'inscription. Vous acceptez que toutes les informations que vous fournissez soient toujours exactes, correctes et \u00e0 jour.<\/p><p>Nous avons \u00e9labor\u00e9 une politique pour r\u00e9pondre \u00e0 toutes vos pr\u00e9occupations en mati\u00e8re de protection de la vie priv\u00e9e. Pour plus d'informations, veuillez consulter notre <a href=\"https:\/\/www.dynamico.ca\/fr\/privacy-statement-ca\/?cmplz_region_redirect=true\">D\u00e9claration de confidentialit\u00e9<\/a> et notre <a href=\"https:\/\/www.dynamico.ca\/fr\/cookie-policy-ca\/?cmplz_region_redirect=true\">Politique en mati\u00e8re de cookies<\/a>.<\/p><h2>12. Accessibilit\u00e9<\/h2><p>Nous nous engageons \u00e0 rendre le contenu que nous fournissons accessible aux personnes handicap\u00e9es. Si vous souffrez d'un handicap et ne pouvez acc\u00e9der \u00e0 aucune partie de notre site web en raison de votre handicap, nous vous demandons de nous faire parvenir une notification comprenant une description d\u00e9taill\u00e9e du probl\u00e8me que vous avez rencontr\u00e9. Si le probl\u00e8me est facilement identifiable et peut \u00eatre r\u00e9solu conform\u00e9ment aux outils et techniques informatiques standard de l'industrie, nous le r\u00e9soudrons rapidement.<\/p><h2>13. Restrictions \u00e0 l'exportation \/ Conformit\u00e9 juridique<\/h2><p>L'acc\u00e8s au site web \u00e0 partir de territoires ou de pays o\u00f9 le contenu ou l'achat des produits ou services vendus sur le site web est ill\u00e9gal est interdit. Vous ne pouvez pas utiliser ce site web en violation des lois et r\u00e8glements d'exportation de Canada.<\/p><h2>14. Affectation<\/h2><p>Vous ne pouvez c\u00e9der, transf\u00e9rer ou sous-traiter aucun de vos droits et\/ou obligations en vertu des pr\u00e9sentes conditions g\u00e9n\u00e9rales, en tout ou en partie, \u00e0 une tierce partie sans notre consentement \u00e9crit pr\u00e9alable. Toute cession pr\u00e9sum\u00e9e en violation de la pr\u00e9sente section sera nulle et non avenue.<\/p><h2>15. Violation des pr\u00e9sentes conditions g\u00e9n\u00e9rales<\/h2><p>Sans pr\u00e9judice de nos autres droits en vertu des pr\u00e9sentes conditions g\u00e9n\u00e9rales, si vous violez les pr\u00e9sentes conditions g\u00e9n\u00e9rales de quelque mani\u00e8re que ce soit, nous pouvons prendre les mesures que nous jugeons appropri\u00e9es pour traiter la violation, y compris la suspension temporaire ou permanente de votre acc\u00e8s au site web, la prise de contact avec votre fournisseur d'acc\u00e8s Internet pour lui demander de bloquer votre acc\u00e8s au site web, et\/ou engager une action en justice contre vous.<\/p><h2>16. Indemnisation<\/h2><p>Vous acceptez de nous indemniser, de nous d\u00e9fendre et de nous tenir \u00e0 l'\u00e9cart de toutes les r\u00e9clamations, responsabilit\u00e9s, dommages, pertes et d\u00e9penses li\u00e9s \u00e0 votre violation des pr\u00e9sentes conditions g\u00e9n\u00e9rales et des lois applicables, y compris les droits de propri\u00e9t\u00e9 intellectuelle et les droits \u00e0 la vie priv\u00e9e. Vous nous rembourserez rapidement les dommages, pertes, co\u00fbts et d\u00e9penses li\u00e9s \u00e0 ces r\u00e9clamations ou en d\u00e9coulant.<\/p><h2>17. D\u00e9rogation<\/h2><p>Le fait de ne pas appliquer l'une des dispositions \u00e9nonc\u00e9es dans les pr\u00e9sentes conditions g\u00e9n\u00e9rales et dans tout accord, ou de ne pas exercer une option de r\u00e9siliation, ne doit pas \u00eatre interpr\u00e9t\u00e9 comme une renonciation \u00e0 ces dispositions et n'affecte pas la validit\u00e9 des pr\u00e9sentes conditions g\u00e9n\u00e9rales ou de tout accord ou de toute partie de celui-ci, ni le droit par la suite d'appliquer chacune des dispositions.<\/p><h2>18. Langue<\/h2><p>Les pr\u00e9sentes conditions g\u00e9n\u00e9rales seront traduites exclusivement en Anglais et Fran\u00e7ais. Toutes les notifications et la correspondance seront r\u00e9dig\u00e9s exclusivement dans cette langue.<\/p><h2>19. Accord int\u00e9gral<\/h2><p>Les pr\u00e9sentes conditions g\u00e9n\u00e9rales, ainsi que nos <a href=\"https:\/\/www.dynamico.ca\/fr\/privacy-statement-ca\/?cmplz_region_redirect=true\">d\u00e9claration de confidentialit\u00e9<\/a> et <a href=\"https:\/\/www.dynamico.ca\/fr\/cookie-policy-ca\/?cmplz_region_redirect=true\">Politique en mati\u00e8re de cookies<\/a>, Les conditions d'utilisation de ce site Web, ainsi que les conditions d'utilisation du site, constituent l'int\u00e9gralit\u00e9 de l'accord entre vous et Dynamico en ce qui concerne votre utilisation de ce site Web.<\/p><h2>20. Mise \u00e0 jour des pr\u00e9sentes conditions g\u00e9n\u00e9rales<\/h2><p>Nous pouvons de temps en temps mettre \u00e0 jour ces conditions g\u00e9n\u00e9rales. Il est de votre devoir de v\u00e9rifier p\u00e9riodiquement les pr\u00e9sentes conditions g\u00e9n\u00e9rales pour voir si elles ont \u00e9t\u00e9 modifi\u00e9es ou mises \u00e0 jour. La date indiqu\u00e9e au d\u00e9but des pr\u00e9sentes conditions g\u00e9n\u00e9rales est la date de r\u00e9vision la plus r\u00e9cente. Les modifications apport\u00e9es aux pr\u00e9sentes conditions g\u00e9n\u00e9rales entreront en vigueur d\u00e8s qu'elles seront publi\u00e9es sur ce site web. Votre utilisation continue de ce site web apr\u00e8s la publication de modifications ou de mises \u00e0 jour sera consid\u00e9r\u00e9e comme une notification de votre acceptation de respecter et d'\u00eatre li\u00e9 par ces conditions g\u00e9n\u00e9rales.<\/p><h2>21. Choix de la loi et de la juridiction<\/h2><p>Les pr\u00e9sentes conditions g\u00e9n\u00e9rales sont r\u00e9gies par les lois de Canada. Tout litige relatif aux pr\u00e9sentes conditions g\u00e9n\u00e9rales sera soumis \u00e0 la juridiction des tribunaux de Canada. Si une partie ou une disposition des pr\u00e9sentes conditions g\u00e9n\u00e9rales est jug\u00e9e par un tribunal ou une autre autorit\u00e9 comme \u00e9tant invalide et\/ou inapplicable en vertu du droit applicable, cette partie ou disposition sera modifi\u00e9e, supprim\u00e9e et\/ou appliqu\u00e9e dans la plus large mesure possible afin de donner effet \u00e0 l'intention des pr\u00e9sentes conditions g\u00e9n\u00e9rales. Les autres dispositions ne seront pas affect\u00e9es.<\/p><h2>22. Information de contact<\/h2><p>Ce site web est d\u00e9tenu et exploit\u00e9 par Dynamico.<\/p><p>Vous pouvez nous contacter au sujet des pr\u00e9sentes conditions g\u00e9n\u00e9rales en nous \u00e9crivant ou en nous envoyant un courriel \u00e0 l\u2019adresse suivante\u00a0: in&#102;&#111;&#064;&#100;&#121;&#110;am&#105;co.&#099;a<br>5255, boul. Henri Bourassa W #210, Saint-Laurent (Qu\u00e9bec) H4R 2M6 <\/p><h2>23. T\u00e9l\u00e9chargement<\/h2><p>Vous pouvez \u00e9galement <a href=\"https:\/\/www.dynamico.ca\/wp-content\/plugins\/complianz-terms-conditions\/download.php\">t\u00e9l\u00e9charger<\/a> nos conditions g\u00e9n\u00e9rales au format PDF.<\/p><\/div>","protected":false},"excerpt":{"rendered":"","protected":false},"author":1,"featured_media":0,"parent":0,"menu_order":0,"comment_status":"closed","ping_status":"closed","template":"","meta":{"_et_pb_use_builder":"","_et_pb_old_content":"","_et_gb_content_width":"","footnotes":""},"class_list":["post-15929","page","type-page","status-publish","hentry"],"yoast_head":"<!-- This site is optimized with the Yoast SEO plugin v27.3 - https:\/\/yoast.com\/product\/yoast-seo-wordpress\/ -->\n<title>Terms and Conditions - Dynamico<\/title>\n<meta name=\"robots\" content=\"index, follow, max-snippet:-1, max-image-preview:large, max-video-preview:-1\" \/>\n<link rel=\"canonical\" href=\"https:\/\/www.dynamico.ca\/fr\/terms-and-conditions\/\" \/>\n<meta property=\"og:locale\" content=\"fr_CA\" \/>\n<meta property=\"og:type\" content=\"article\" \/>\n<meta property=\"og:title\" content=\"Terms and Conditions - Dynamico\" \/>\n<meta property=\"og:url\" content=\"https:\/\/www.dynamico.ca\/fr\/terms-and-conditions\/\" \/>\n<meta property=\"og:site_name\" content=\"Dynamico\" \/>\n<meta property=\"article:modified_time\" content=\"2023-12-08T21:28:49+00:00\" \/>\n<meta name=\"twitter:card\" content=\"summary_large_image\" \/>\n<script type=\"application\/ld+json\" class=\"yoast-schema-graph\">{\"@context\":\"https:\\\/\\\/schema.org\",\"@graph\":[{\"@type\":\"WebPage\",\"@id\":\"https:\\\/\\\/www.dynamico.ca\\\/terms-and-conditions\\\/\",\"url\":\"https:\\\/\\\/www.dynamico.ca\\\/terms-and-conditions\\\/\",\"name\":\"Terms and Conditions - Dynamico\",\"isPartOf\":{\"@id\":\"https:\\\/\\\/www.dynamico.ca\\\/#website\"},\"datePublished\":\"2023-12-08T21:28:43+00:00\",\"dateModified\":\"2023-12-08T21:28:49+00:00\",\"breadcrumb\":{\"@id\":\"https:\\\/\\\/www.dynamico.ca\\\/terms-and-conditions\\\/#breadcrumb\"},\"inLanguage\":\"fr-CA\",\"potentialAction\":[{\"@type\":\"ReadAction\",\"target\":[\"https:\\\/\\\/www.dynamico.ca\\\/terms-and-conditions\\\/\"]}]},{\"@type\":\"BreadcrumbList\",\"@id\":\"https:\\\/\\\/www.dynamico.ca\\\/terms-and-conditions\\\/#breadcrumb\",\"itemListElement\":[{\"@type\":\"ListItem\",\"position\":1,\"name\":\"Home\",\"item\":\"https:\\\/\\\/www.dynamico.ca\\\/\"},{\"@type\":\"ListItem\",\"position\":2,\"name\":\"Terms and Conditions\"}]},{\"@type\":\"WebSite\",\"@id\":\"https:\\\/\\\/www.dynamico.ca\\\/#website\",\"url\":\"https:\\\/\\\/www.dynamico.ca\\\/\",\"name\":\"Dynamico\",\"description\":\"Creative Design Agency\",\"potentialAction\":[{\"@type\":\"SearchAction\",\"target\":{\"@type\":\"EntryPoint\",\"urlTemplate\":\"https:\\\/\\\/www.dynamico.ca\\\/?s={search_term_string}\"},\"query-input\":{\"@type\":\"PropertyValueSpecification\",\"valueRequired\":true,\"valueName\":\"search_term_string\"}}],\"inLanguage\":\"fr-CA\"}]}<\/script>\n<!-- \/ Yoast SEO plugin. -->","yoast_head_json":{"title":"Conditions d'utilisation - Dynamico","robots":{"index":"index","follow":"follow","max-snippet":"max-snippet:-1","max-image-preview":"max-image-preview:large","max-video-preview":"max-video-preview:-1"},"canonical":"https:\/\/www.dynamico.ca\/fr\/terms-and-conditions\/","og_locale":"fr_CA","og_type":"article","og_title":"Terms and Conditions - Dynamico","og_url":"https:\/\/www.dynamico.ca\/fr\/terms-and-conditions\/","og_site_name":"Dynamico","article_modified_time":"2023-12-08T21:28:49+00:00","twitter_card":"summary_large_image","schema":{"@context":"https:\/\/schema.org","@graph":[{"@type":"WebPage","@id":"https:\/\/www.dynamico.ca\/terms-and-conditions\/","url":"https:\/\/www.dynamico.ca\/terms-and-conditions\/","name":"Conditions d'utilisation - Dynamico","isPartOf":{"@id":"https:\/\/www.dynamico.ca\/#website"},"datePublished":"2023-12-08T21:28:43+00:00","dateModified":"2023-12-08T21:28:49+00:00","breadcrumb":{"@id":"https:\/\/www.dynamico.ca\/terms-and-conditions\/#breadcrumb"},"inLanguage":"fr-CA","potentialAction":[{"@type":"ReadAction","target":["https:\/\/www.dynamico.ca\/terms-and-conditions\/"]}]},{"@type":"BreadcrumbList","@id":"https:\/\/www.dynamico.ca\/terms-and-conditions\/#breadcrumb","itemListElement":[{"@type":"ListItem","position":1,"name":"Home","item":"https:\/\/www.dynamico.ca\/"},{"@type":"ListItem","position":2,"name":"Terms and Conditions"}]},{"@type":"WebSite","@id":"https:\/\/www.dynamico.ca\/#website","url":"https:\/\/www.dynamico.ca\/","name":"Dynamique","description":"Agence de cr\u00e9ation","potentialAction":[{"@type":"SearchAction","target":{"@type":"EntryPoint","urlTemplate":"https:\/\/www.dynamico.ca\/?s={search_term_string}"},"query-input":{"@type":"PropertyValueSpecification","valueRequired":true,"valueName":"search_term_string"}}],"inLanguage":"fr-CA"}]}},"jetpack_sharing_enabled":true,"_links":{"self":[{"href":"https:\/\/www.dynamico.ca\/fr\/wp-json\/wp\/v2\/pages\/15929","targetHints":{"allow":["GET"]}}],"collection":[{"href":"https:\/\/www.dynamico.ca\/fr\/wp-json\/wp\/v2\/pages"}],"about":[{"href":"https:\/\/www.dynamico.ca\/fr\/wp-json\/wp\/v2\/types\/page"}],"author":[{"embeddable":true,"href":"https:\/\/www.dynamico.ca\/fr\/wp-json\/wp\/v2\/users\/1"}],"replies":[{"embeddable":true,"href":"https:\/\/www.dynamico.ca\/fr\/wp-json\/wp\/v2\/comments?post=15929"}],"version-history":[{"count":1,"href":"https:\/\/www.dynamico.ca\/fr\/wp-json\/wp\/v2\/pages\/15929\/revisions"}],"predecessor-version":[{"id":15930,"href":"https:\/\/www.dynamico.ca\/fr\/wp-json\/wp\/v2\/pages\/15929\/revisions\/15930"}],"wp:attachment":[{"href":"https:\/\/www.dynamico.ca\/fr\/wp-json\/wp\/v2\/media?parent=15929"}],"curies":[{"name":"wp","href":"https:\/\/api.w.org\/{rel}","templated":true}]}}