{"id":15926,"date":"2023-12-08T15:53:46","date_gmt":"2023-12-08T20:53:46","guid":{"rendered":"https:\/\/www.dynamico.ca\/privacy-statement-us\/"},"modified":"2023-12-08T15:53:46","modified_gmt":"2023-12-08T20:53:46","slug":"privacy-statement-us","status":"publish","type":"page","link":"https:\/\/www.dynamico.ca\/fr\/privacy-statement-us\/","title":{"rendered":"D\u00e9claration de confidentialit\u00e9 (US)"},"content":{"rendered":"<!-- Legal document generated by Complianz | GDPR\/CCPA Cookie Consent https:\/\/wordpress.org\/plugins\/complianz-gdpr -->\n<div id=\"cmplz-document\" class=\"cmplz-document privacy-statement cmplz-document-us\"><p><i>Cette d\u00e9claration de confidentialit\u00e9 a \u00e9t\u00e9 modifi\u00e9e pour la derni\u00e8re fois le 12 septembre 2025, v\u00e9rifi\u00e9e pour la derni\u00e8re fois le 12 septembre 2025, et s'applique aux citoyens et aux r\u00e9sidents permanents l\u00e9gaux des \u00c9tats-Unis.<\/i><br \/><br \/><\/p><p>Dans cette d\u00e9claration de confidentialit\u00e9, nous expliquons ce que nous faisons des donn\u00e9es que nous obtenons \u00e0 votre sujet par l'interm\u00e9diaire de <a href=\"https:\/\/www.dynamico.ca\/fr\">https:\/\/www.dynamico.ca\/fr<\/a>. Nous vous recommandons de lire attentivement cette d\u00e9claration. Dans le cadre de notre traitement, nous respectons les exigences de la l\u00e9gislation relative \u00e0 la protection de la vie priv\u00e9e. Cela signifie, entre autres, que :<ul>\n                <li>nous indiquons clairement les raisons pour lesquelles nous traitons les donn\u00e9es \u00e0 caract\u00e8re personnel. Nous le faisons par le biais de cette d\u00e9claration de confidentialit\u00e9 ;<\/li>\n                <li>nous nous effor\u00e7ons de limiter notre collecte de donn\u00e9es personnelles aux seules donn\u00e9es personnelles n\u00e9cessaires \u00e0 des fins l\u00e9gitimes ;<\/li>\n                <li>nous demandons d'abord votre consentement explicite pour traiter vos donn\u00e9es \u00e0 caract\u00e8re personnel dans les cas qui requi\u00e8rent votre consentement ;<\/li>\n                <li>nous prenons des mesures de s\u00e9curit\u00e9 appropri\u00e9es pour prot\u00e9ger vos donn\u00e9es \u00e0 caract\u00e8re personnel et nous l'exigeons \u00e9galement des parties qui traitent des donn\u00e9es \u00e0 caract\u00e8re personnel en notre nom ;<\/li>\n                <li>nous respectons votre droit d'acc\u00e9der \u00e0 vos donn\u00e9es personnelles ou de les faire corriger ou supprimer, \u00e0 votre demande.<\/li>\n            <\/ul><\/p><p>Si vous avez des questions ou si vous voulez savoir exactement quelles donn\u00e9es nous conservons \u00e0 votre sujet, veuillez nous contacter.<\/p><h2>1. Finalit\u00e9 et cat\u00e9gories de donn\u00e9es<\/h2><p>Nous pouvons collecter ou recevoir des informations personnelles pour un certain nombre de raisons li\u00e9es \u00e0 nos activit\u00e9s commerciales, notamment les suivantes : (cliquez pour d\u00e9plier)<\/b><\/p><details class=\"cmplz-dropdown dropdown-privacy-statement\"><summary><div><h3>1.1 Contact - Par t\u00e9l\u00e9phone, courrier, e-mail et\/ou formulaires web<\/h3><\/div><\/summary><p class=\"cmplz-subtitle\">Les cat\u00e9gories de donn\u00e9es suivantes sont collect\u00e9es<\/p><p><ul><li>Un pr\u00e9nom et un nom de famille<\/li><li>Une adresse e-mail<\/li><li>Un num\u00e9ro de t\u00e9l\u00e9phone<\/li><\/ul><\/p><p class=\"cmplz-subtitle\">Dur\u00e9e de conservation<\/p><p>Nous conservons ces donn\u00e9es \u00e0 la fin du service pendant le nombre de mois suivant : 12<\/p><\/details><details class=\"cmplz-dropdown dropdown-privacy-statement\"><summary><div><h3>1.2 Infolettres<\/h3><\/div><\/summary><p class=\"cmplz-subtitle\">Les cat\u00e9gories de donn\u00e9es suivantes sont collect\u00e9es<\/p><p><ul><li>Un pr\u00e9nom et un nom de famille<\/li><li>Une adresse e-mail<\/li><\/ul><\/p><p class=\"cmplz-subtitle\">Dur\u00e9e de conservation<\/p><p>Nous conservons ces donn\u00e9es \u00e0 la fin du service pendant le nombre de mois suivant : 12<\/p><\/details><details class=\"cmplz-dropdown dropdown-privacy-statement\"><summary><div><h3>1.3 Compiler et analyser des statistiques pour l'am\u00e9lioration du site web.<\/h3><\/div><\/summary><p class=\"cmplz-subtitle\">Les cat\u00e9gories de donn\u00e9es suivantes sont collect\u00e9es<\/p><p><ul><li>Donn\u00e9es de g\u00e9olocalisation<\/li><li>Statut marital<\/li><li>Date de naissance<\/li><\/ul><\/p><p class=\"cmplz-subtitle\">Dur\u00e9e de conservation<\/p><p>Nous conservons ces donn\u00e9es \u00e0 la fin du service pendant le nombre de mois suivant : 12<\/p><\/details><details class=\"cmplz-dropdown dropdown-privacy-statement\"><summary><div><h3>1.4 Pour pouvoir proposer des produits et services personnalis\u00e9s<\/h3><\/div><\/summary><p class=\"cmplz-subtitle\">Les cat\u00e9gories de donn\u00e9es suivantes sont collect\u00e9es<\/p><p><ul><li>Un pr\u00e9nom et un nom de famille<\/li><li>Un domicile ou une autre adresse physique, incluant le nom d'une rue et le nom d'une ville ou d'un village<\/li><li>Une adresse e-mail<\/li><li>Un num\u00e9ro de t\u00e9l\u00e9phone<\/li><\/ul><\/p><p class=\"cmplz-subtitle\">Dur\u00e9e de conservation<\/p><p>Nous conservons ces donn\u00e9es \u00e0 la fin du service pendant le nombre de mois suivant : 12<\/p><\/details><details class=\"cmplz-dropdown dropdown-privacy-statement\"><summary><div><h3>1.5 Pour prendre en charge les services ou produits que votre client souhaite acheter ou a achet\u00e9s<\/h3><\/div><\/summary><p class=\"cmplz-subtitle\">Les cat\u00e9gories de donn\u00e9es suivantes sont collect\u00e9es<\/p><p><ul><li>Un pr\u00e9nom et un nom de famille<\/li><li>Un domicile ou une autre adresse physique, incluant le nom d'une rue et le nom d'une ville ou d'un village<\/li><li>Une adresse e-mail<\/li><li>Un num\u00e9ro de t\u00e9l\u00e9phone<\/li><li>Statut marital<\/li><li>Date de naissance<\/li><li>Sexe<\/li><\/ul><\/p><p class=\"cmplz-subtitle\">Dur\u00e9e de conservation<\/p><p>Nous conservons ces donn\u00e9es jusqu'\u00e0 la fin du service.<\/p><\/details><h2>2. Partage avec d'autres parties<\/h2><p>Nous ne partageons ou ne divulguons ces donn\u00e9es \u00e0 d'autres destinataires qu'aux fins suivantes :<\/p><h2>3. Pratiques en mati\u00e8re de divulgation<\/h2><p><p>Nous divulguons des informations personnelles si nous y sommes tenus par la loi ou par une ordonnance du tribunal, en r\u00e9ponse \u00e0 un organisme d'application de la loi, dans la mesure permise par d'autres dispositions de la loi, pour fournir des informations, ou pour une enqu\u00eate sur une question li\u00e9e \u00e0 la s\u00e9curit\u00e9 publique.<\/p><p>Si notre site web ou notre organisation est repris, vendu ou impliqu\u00e9 dans une fusion ou une acquisition, vos donn\u00e9es peuvent \u00eatre divulgu\u00e9es \u00e0 nos conseillers et \u00e0 tout acheteur potentiel et seront transmises aux nouveaux propri\u00e9taires.<\/p><\/p><h2>4. Comment nous r\u00e9pondons aux signaux \"Do Not Track\" et au contr\u00f4le mondial de la protection de la vie priv\u00e9e <\/h2><p>Notre site web ne r\u00e9pond pas et ne prend pas en charge le champ de demande de l'en-t\u00eate Do Not Track (DNT).<\/p><h2>5. Cookies<\/h2><p>Notre site web utilise des cookies. Pour plus d'informations sur les cookies, veuillez consulter notre politique en mati\u00e8re de cookies sur notre site Web. <a href=\"https:\/\/www.dynamico.ca\/fr\/opt-out-preferences\/\">Pr\u00e9f\u00e9rences d'exclusion<\/a> page web.&nbsp;<\/p><p>Nous avons conclu un accord de traitement des donn\u00e9es avec Google.<\/p><p>Google ne peut pas utiliser les donn\u00e9es pour d'autres services Google.<\/p><h2>6. S\u00e9curit\u00e9<\/h2><p>Nous nous engageons \u00e0 assurer la s\u00e9curit\u00e9 des donn\u00e9es \u00e0 caract\u00e8re personnel. Nous prenons des mesures de s\u00e9curit\u00e9 appropri\u00e9es pour limiter les abus et l'acc\u00e8s non autoris\u00e9 aux donn\u00e9es \u00e0 caract\u00e8re personnel. Ces mesures garantissent que seules les personnes n\u00e9cessaires ont acc\u00e8s \u00e0 vos donn\u00e9es, que l'acc\u00e8s aux donn\u00e9es est prot\u00e9g\u00e9 et que nos mesures de s\u00e9curit\u00e9 sont r\u00e9guli\u00e8rement r\u00e9vis\u00e9es.<\/p><h2>7. Sites web de tiers<\/h2><p>La pr\u00e9sente d\u00e9claration de confidentialit\u00e9 ne s'applique pas aux sites web de tiers reli\u00e9s par des liens sur notre site web. Nous ne pouvons pas garantir que ces tiers traitent vos donn\u00e9es personnelles de mani\u00e8re fiable ou s\u00e9curis\u00e9e. Nous vous recommandons de lire les d\u00e9clarations de confidentialit\u00e9 de ces sites web avant de les utiliser.<\/p><h2>8. Modifications de la pr\u00e9sente d\u00e9claration de confidentialit\u00e9<\/h2><p>Nous nous r\u00e9servons le droit de modifier la pr\u00e9sente d\u00e9claration de confidentialit\u00e9. Il est recommand\u00e9 de consulter r\u00e9guli\u00e8rement la pr\u00e9sente d\u00e9claration de confidentialit\u00e9 afin de prendre connaissance de toute modification. En outre, nous vous informerons activement dans la mesure du possible.<\/p><h2>9. Acc\u00e8s et modification de vos donn\u00e9es<\/h2><p>Si vous avez des questions ou si vous souhaitez savoir quelles sont les donn\u00e9es personnelles que nous poss\u00e9dons \u00e0 votre sujet, n'h\u00e9sitez pas \u00e0 nous contacter. Veillez \u00e0 toujours indiquer clairement qui vous \u00eates, afin que nous puissions \u00eatre s\u00fbrs de ne pas modifier ou supprimer les donn\u00e9es de la mauvaise personne. Nous ne fournirons les informations demand\u00e9es qu'\u00e0 la r\u00e9ception d'une demande v\u00e9rifiable du consommateur. Vous pouvez nous contacter en utilisant les informations ci-dessous. Vous disposez des droits suivants :<\/p><p class=\"cmplz-subtitle\">9.1 Vous disposez des droits suivants en ce qui concerne vos donn\u00e9es \u00e0 caract\u00e8re personnel<\/p><ol class=\"alphabetic\">\n                        <li>Vous pouvez introduire une demande d'acc\u00e8s aux donn\u00e9es que nous traitons \u00e0 votre sujet.<\/li>\n                        <li>Vous pouvez vous opposer au traitement.<\/li>\n                        <li>Vous pouvez demander un aper\u00e7u, dans un format couramment utilis\u00e9, des donn\u00e9es que nous traitons \u00e0 votre sujet.<\/li>\n                        <li>Vous pouvez demander la rectification ou l'effacement des donn\u00e9es si elles sont incorrectes ou si elles ne sont pas ou plus pertinentes, ou demander \u00e0 restreindre le traitement des donn\u00e9es.<\/li>\n                        <li>Vous pouvez faire appel de notre d\u00e9cision lorsque nous refusons de donner suite \u00e0 une demande et d\u00e9poser une plainte aupr\u00e8s de l'autorit\u00e9 comp\u00e9tente si votre appel est rejet\u00e9.<\/li>\n                      <\/ol><h2>10. Les enfants<\/h2><p>Notre site web n'est pas con\u00e7u pour attirer les enfants et nous n'avons pas l'intention de collecter des donn\u00e9es personnelles aupr\u00e8s d'enfants n'ayant pas atteint l'\u00e2ge du consentement dans leur pays de r\u00e9sidence. Nous demandons donc aux enfants n'ayant pas atteint l'\u00e2ge du consentement de ne pas nous communiquer de donn\u00e9es personnelles.<\/p><h2>11. Coordonn\u00e9es de la personne \u00e0 contacter<\/h2><p>Dynamique<br \/>\n        5255, boul. Henri Bourassa W #210, Saint-Laurent (Qu\u00e9bec) H4R 2M6<br \/>\n        Canada<br \/>\n        Site web : <a href=\"https:\/\/www.dynamico.ca\/fr\">https:\/\/www.dynamico.ca\/fr<\/a> <br \/>\n        Courriel : <span class=\"cmplz-obfuscate\">info@<span class=\"cmplz-fmail-domain\">ex.com<\/span>&#100;yn&#097;mic&#111;.c&#097;<\/span> <br \/>\n        Num\u00e9ro de t\u00e9l\u00e9phone gratuit : +1 (888) 827-9527<br \/>\n        Num\u00e9ro de t\u00e9l\u00e9phone : +1(514) 904-1336<\/p><\/div>","protected":false},"excerpt":{"rendered":"","protected":false},"author":1,"featured_media":0,"parent":0,"menu_order":0,"comment_status":"closed","ping_status":"closed","template":"","meta":{"_et_pb_use_builder":"","_et_pb_old_content":"","_et_gb_content_width":"","footnotes":""},"class_list":["post-15926","page","type-page","status-publish","hentry"],"yoast_head":"<!-- This site is optimized with the Yoast SEO plugin v27.4 - https:\/\/yoast.com\/product\/yoast-seo-wordpress\/ -->\n<title>Privacy Statement (US) - Dynamico<\/title>\n<meta name=\"robots\" content=\"index, follow, max-snippet:-1, max-image-preview:large, max-video-preview:-1\" \/>\n<link rel=\"canonical\" href=\"https:\/\/www.dynamico.ca\/fr\/privacy-statement-us\/\" \/>\n<meta property=\"og:locale\" content=\"fr_CA\" \/>\n<meta property=\"og:type\" content=\"article\" \/>\n<meta property=\"og:title\" content=\"Privacy Statement (US) - Dynamico\" \/>\n<meta property=\"og:url\" content=\"https:\/\/www.dynamico.ca\/fr\/privacy-statement-us\/\" \/>\n<meta property=\"og:site_name\" content=\"Dynamico\" \/>\n<meta name=\"twitter:card\" content=\"summary_large_image\" \/>\n<script type=\"application\/ld+json\" class=\"yoast-schema-graph\">{\"@context\":\"https:\\\/\\\/schema.org\",\"@graph\":[{\"@type\":\"WebPage\",\"@id\":\"https:\\\/\\\/www.dynamico.ca\\\/privacy-statement-us\\\/\",\"url\":\"https:\\\/\\\/www.dynamico.ca\\\/privacy-statement-us\\\/\",\"name\":\"Privacy Statement (US) - Dynamico\",\"isPartOf\":{\"@id\":\"https:\\\/\\\/www.dynamico.ca\\\/#website\"},\"datePublished\":\"2023-12-08T20:53:46+00:00\",\"breadcrumb\":{\"@id\":\"https:\\\/\\\/www.dynamico.ca\\\/privacy-statement-us\\\/#breadcrumb\"},\"inLanguage\":\"fr-CA\",\"potentialAction\":[{\"@type\":\"ReadAction\",\"target\":[\"https:\\\/\\\/www.dynamico.ca\\\/privacy-statement-us\\\/\"]}]},{\"@type\":\"BreadcrumbList\",\"@id\":\"https:\\\/\\\/www.dynamico.ca\\\/privacy-statement-us\\\/#breadcrumb\",\"itemListElement\":[{\"@type\":\"ListItem\",\"position\":1,\"name\":\"Home\",\"item\":\"https:\\\/\\\/www.dynamico.ca\\\/\"},{\"@type\":\"ListItem\",\"position\":2,\"name\":\"Privacy Statement (US)\"}]},{\"@type\":\"WebSite\",\"@id\":\"https:\\\/\\\/www.dynamico.ca\\\/#website\",\"url\":\"https:\\\/\\\/www.dynamico.ca\\\/\",\"name\":\"Dynamico\",\"description\":\"Creative Design Agency\",\"potentialAction\":[{\"@type\":\"SearchAction\",\"target\":{\"@type\":\"EntryPoint\",\"urlTemplate\":\"https:\\\/\\\/www.dynamico.ca\\\/?s={search_term_string}\"},\"query-input\":{\"@type\":\"PropertyValueSpecification\",\"valueRequired\":true,\"valueName\":\"search_term_string\"}}],\"inLanguage\":\"fr-CA\"}]}<\/script>\n<!-- \/ Yoast SEO plugin. -->","yoast_head_json":{"title":"D\u00e9claration de confidentialit\u00e9 (US) - Dynamico","robots":{"index":"index","follow":"follow","max-snippet":"max-snippet:-1","max-image-preview":"max-image-preview:large","max-video-preview":"max-video-preview:-1"},"canonical":"https:\/\/www.dynamico.ca\/fr\/privacy-statement-us\/","og_locale":"fr_CA","og_type":"article","og_title":"Privacy Statement (US) - Dynamico","og_url":"https:\/\/www.dynamico.ca\/fr\/privacy-statement-us\/","og_site_name":"Dynamico","twitter_card":"summary_large_image","schema":{"@context":"https:\/\/schema.org","@graph":[{"@type":"WebPage","@id":"https:\/\/www.dynamico.ca\/privacy-statement-us\/","url":"https:\/\/www.dynamico.ca\/privacy-statement-us\/","name":"D\u00e9claration de confidentialit\u00e9 (US) - Dynamico","isPartOf":{"@id":"https:\/\/www.dynamico.ca\/#website"},"datePublished":"2023-12-08T20:53:46+00:00","breadcrumb":{"@id":"https:\/\/www.dynamico.ca\/privacy-statement-us\/#breadcrumb"},"inLanguage":"fr-CA","potentialAction":[{"@type":"ReadAction","target":["https:\/\/www.dynamico.ca\/privacy-statement-us\/"]}]},{"@type":"BreadcrumbList","@id":"https:\/\/www.dynamico.ca\/privacy-statement-us\/#breadcrumb","itemListElement":[{"@type":"ListItem","position":1,"name":"Home","item":"https:\/\/www.dynamico.ca\/"},{"@type":"ListItem","position":2,"name":"Privacy Statement (US)"}]},{"@type":"WebSite","@id":"https:\/\/www.dynamico.ca\/#website","url":"https:\/\/www.dynamico.ca\/","name":"Dynamique","description":"Agence de cr\u00e9ation","potentialAction":[{"@type":"SearchAction","target":{"@type":"EntryPoint","urlTemplate":"https:\/\/www.dynamico.ca\/?s={search_term_string}"},"query-input":{"@type":"PropertyValueSpecification","valueRequired":true,"valueName":"search_term_string"}}],"inLanguage":"fr-CA"}]}},"jetpack_sharing_enabled":true,"_links":{"self":[{"href":"https:\/\/www.dynamico.ca\/fr\/wp-json\/wp\/v2\/pages\/15926","targetHints":{"allow":["GET"]}}],"collection":[{"href":"https:\/\/www.dynamico.ca\/fr\/wp-json\/wp\/v2\/pages"}],"about":[{"href":"https:\/\/www.dynamico.ca\/fr\/wp-json\/wp\/v2\/types\/page"}],"author":[{"embeddable":true,"href":"https:\/\/www.dynamico.ca\/fr\/wp-json\/wp\/v2\/users\/1"}],"replies":[{"embeddable":true,"href":"https:\/\/www.dynamico.ca\/fr\/wp-json\/wp\/v2\/comments?post=15926"}],"version-history":[{"count":0,"href":"https:\/\/www.dynamico.ca\/fr\/wp-json\/wp\/v2\/pages\/15926\/revisions"}],"wp:attachment":[{"href":"https:\/\/www.dynamico.ca\/fr\/wp-json\/wp\/v2\/media?parent=15926"}],"curies":[{"name":"wp","href":"https:\/\/api.w.org\/{rel}","templated":true}]}}